{"id":1636,"date":"2016-02-19T10:28:19","date_gmt":"2016-02-19T09:28:19","guid":{"rendered":"http:\/\/eplusdehelp.wpengine.com\/?page_id=1636"},"modified":"2016-02-19T10:28:19","modified_gmt":"2016-02-19T09:28:19","slug":"virtuelle-buecherregale","status":"publish","type":"page","link":"http:\/\/help.edelweiss-de.com\/?page_id=1636","title":{"rendered":"Virtuelle B\u00fccherregale"},"content":{"rendered":"<p>Sie haben in EDELWEISS+ die M\u00f6glichkeit, sich virtuelle B\u00fccherregale anzulegen. So haben Sie immer im Blick, welche Titel Sie beispielsweise schon gelesen haben oder welche Sie noch mit Spannung erwarten. Hier sehen Sie, wie es funktioniert:<\/p>\n<p><iframe loading=\"lazy\" style=\"border: 1px solid #CCC; border-width: 1px; margin-bottom: 5px; max-width: 100%;\" src=\"\/\/de.slideshare.net\/slideshow\/embed_code\/key\/6Ff8moMeH6pw9c\" width=\"595\" height=\"485\" frameborder=\"0\" marginwidth=\"0\" marginheight=\"0\" scrolling=\"no\" allowfullscreen=\"allowfullscreen\"> <\/iframe><\/p>\n<p>Hilfedokument zum Download: <a href=\"http:\/\/eplusdehelp.wpengine.com\/wp-content\/uploads\/2016\/02\/Alle_das-virtuelle-B\u00fccherregal.pdf\">Das virtuelle B\u00fccherregal in EDELWEISS+<\/a><\/p>\n","protected":false},"excerpt":{"rendered":"<p>Sie haben in EDELWEISS+ die M\u00f6glichkeit, sich virtuelle B\u00fccherregale anzulegen. So haben Sie immer im Blick, welche Titel Sie beispielsweise schon gelesen haben oder welche Sie noch mit Spannung erwarten. Hier sehen Sie, wie es funktioniert: Hilfedokument zum Download: Das virtuelle B\u00fccherregal in EDELWEISS+<\/p>\n","protected":false},"author":12,"featured_media":0,"parent":0,"menu_order":0,"comment_status":"open","ping_status":"open","template":"","meta":{"footnotes":""},"class_list":["post-1636","page","type-page","status-publish","hentry"],"_links":{"self":[{"href":"http:\/\/help.edelweiss-de.com\/index.php?rest_route=\/wp\/v2\/pages\/1636","targetHints":{"allow":["GET"]}}],"collection":[{"href":"http:\/\/help.edelweiss-de.com\/index.php?rest_route=\/wp\/v2\/pages"}],"about":[{"href":"http:\/\/help.edelweiss-de.com\/index.php?rest_route=\/wp\/v2\/types\/page"}],"author":[{"embeddable":true,"href":"http:\/\/help.edelweiss-de.com\/index.php?rest_route=\/wp\/v2\/users\/12"}],"replies":[{"embeddable":true,"href":"http:\/\/help.edelweiss-de.com\/index.php?rest_route=%2Fwp%2Fv2%2Fcomments&post=1636"}],"version-history":[{"count":0,"href":"http:\/\/help.edelweiss-de.com\/index.php?rest_route=\/wp\/v2\/pages\/1636\/revisions"}],"wp:attachment":[{"href":"http:\/\/help.edelweiss-de.com\/index.php?rest_route=%2Fwp%2Fv2%2Fmedia&parent=1636"}],"curies":[{"name":"wp","href":"https:\/\/api.w.org\/{rel}","templated":true}]}}