{"id":1706,"date":"2016-04-08T11:52:27","date_gmt":"2016-04-08T09:52:27","guid":{"rendered":"http:\/\/eplusdehelp.wpengine.com\/?page_id=1706"},"modified":"2016-04-08T13:34:10","modified_gmt":"2016-04-08T11:34:10","slug":"thalia-vorschau-erstellen","status":"publish","type":"page","link":"http:\/\/help.edelweiss-de.com\/?page_id=1706","title":{"rendered":"Thalia Vorschau erstellen"},"content":{"rendered":"<p><strong>Mit EDELWEISS+ k\u00f6nnen Sie in 4 einfachen Schritten Ihre individuelle Thalia Vorschau erstellen:<\/strong><\/p>\n<ul>\n<li>\u00a0Titeldaten anreichern: Ein Gro\u00dfteil der f\u00fcr die Vorschau ben\u00f6tigten Daten kann per ONIX oder Massenupload zur Verf\u00fcgung gestellt werden (siehe Bild unten) N\u00e4here Informationen dazu finden Sie <a title=\"Upload Ihrer ONIX- und Zusatzdaten\" href=\"http:\/\/eplusdehelp.wpengine.com\/?page_id=760\">hier<\/a><\/li>\n<li>Einen gesonderten Katalog f\u00fcr Thalia anlegen, hier gibt es zwei Wege<\/li>\n<li>Die thaliaspezifischen Daten in der Anmerkungsmaske erg\u00e4nzen<\/li>\n<li>Den fertigen Katalog in EDELWEISS+ teilen und als Druck PDF exportieren<\/li>\n<\/ul>\n<p><a href=\"http:\/\/eplusdehelp.wpengine.com\/wp-content\/uploads\/2016\/04\/Eine-Thaliavorschau-erstellen_kommentiert.pdf\">Hier<\/a> finden Sie eine Schritt-f\u00fcr-Schritt Anleitung zur Erstellung Ihrer Thalia Vorschau<\/p>\n<p>Die halbe Arbeit beim Erstellen der Thaliavorschau ist das Komplettieren Ihrer Titeldaten. Hier sehen\u00a0Sie eine \u00dcbersicht der Datenfelder, die in das Template gezogen werden:<a href=\"http:\/\/eplusdehelp.wpengine.com\/wp-content\/uploads\/2016\/04\/Beispieltemplate.png\"><img loading=\"lazy\" decoding=\"async\" class=\"alignnone size-full wp-image-1708\" src=\"http:\/\/eplusdehelp.wpengine.com\/wp-content\/uploads\/2016\/04\/Beispieltemplate.png\" alt=\"hier\" width=\"1412\" height=\"951\" \/><\/a><\/p>\n<p>Klicken Sie die Seite an, um Sie vergr\u00f6\u00dfert anzeigen zu lassen.<\/p>\n<p><strong>Achtung:<\/strong> Wenn Sie mehr als einen Vergleichstitel pro Titel speziell f\u00fcr Thalia hinzuf\u00fcgen m\u00f6chten nutzen Sie bitte diese <a href=\"http:\/\/eplusdehelp.wpengine.com\/wp-content\/uploads\/2016\/04\/Thalia_Vorlage_Vergleichstitel.xlsx\">diese Excelliste<\/a>\u00a0und senden Sie uns an\u00a0<a href=\"mailto:support-edelweiss@buchreport.de\">support-edelweiss@buchreport.de\u00a0<\/a>. Wir stellen die Liste dann in die entsprechende Anmerkungsmaske ein.<\/p>\n","protected":false},"excerpt":{"rendered":"<p>Mit EDELWEISS+ k\u00f6nnen Sie in 4 einfachen Schritten Ihre individuelle Thalia Vorschau erstellen: \u00a0Titeldaten anreichern: Ein Gro\u00dfteil der f\u00fcr die Vorschau ben\u00f6tigten Daten kann per ONIX oder Massenupload zur Verf\u00fcgung gestellt werden (siehe Bild unten) N\u00e4here Informationen dazu finden Sie hier Einen gesonderten Katalog f\u00fcr Thalia anlegen, hier gibt es zwei Wege Die thaliaspezifischen Daten [&hellip;]<\/p>\n","protected":false},"author":8,"featured_media":0,"parent":0,"menu_order":0,"comment_status":"open","ping_status":"open","template":"","meta":{"footnotes":""},"class_list":["post-1706","page","type-page","status-publish","hentry"],"_links":{"self":[{"href":"http:\/\/help.edelweiss-de.com\/index.php?rest_route=\/wp\/v2\/pages\/1706","targetHints":{"allow":["GET"]}}],"collection":[{"href":"http:\/\/help.edelweiss-de.com\/index.php?rest_route=\/wp\/v2\/pages"}],"about":[{"href":"http:\/\/help.edelweiss-de.com\/index.php?rest_route=\/wp\/v2\/types\/page"}],"author":[{"embeddable":true,"href":"http:\/\/help.edelweiss-de.com\/index.php?rest_route=\/wp\/v2\/users\/8"}],"replies":[{"embeddable":true,"href":"http:\/\/help.edelweiss-de.com\/index.php?rest_route=%2Fwp%2Fv2%2Fcomments&post=1706"}],"version-history":[{"count":0,"href":"http:\/\/help.edelweiss-de.com\/index.php?rest_route=\/wp\/v2\/pages\/1706\/revisions"}],"wp:attachment":[{"href":"http:\/\/help.edelweiss-de.com\/index.php?rest_route=%2Fwp%2Fv2%2Fmedia&parent=1706"}],"curies":[{"name":"wp","href":"https:\/\/api.w.org\/{rel}","templated":true}]}}